{"id":7,"date":"2026-02-19T16:55:24","date_gmt":"2026-02-19T16:55:24","guid":{"rendered":"http:\/\/labsmaia.wordpress.com\/?page_id=1"},"modified":"2026-02-19T16:55:24","modified_gmt":"2026-02-19T16:55:24","slug":"about","status":"publish","type":"page","link":"https:\/\/labsmaia.pt\/index.php\/about\/","title":{"rendered":"Sobre"},"content":{"rendered":"\n<p>O LABS \u00e9 um projeto da C\u00e2mara Municipal da Maia, em parceria com o Instituto de Investiga\u00e7\u00e3o e Inova\u00e7\u00e3o em Sa\u00fade &#8211; i3S e a Bial.<br>A miss\u00e3o fundamental do LABS \u00e9 estabelecer a ponte entre o laborat\u00f3rio de investiga\u00e7\u00e3o e a escola, originando um fluxo de conhecimento pr\u00e1tico e promotor da sa\u00fade que ter\u00e1 como principais benefici\u00e1rios os alunos das escolas da Maia.<br>Atrav\u00e9s das atividades propostas, os alunos ter\u00e3o oportunidade de contactar com problemas cient\u00edficos reais e poder\u00e3o aplicar t\u00e9cnicas utilizadas no laborat\u00f3rio de investiga\u00e7\u00e3o, promovendo deste modo uma aproxima\u00e7\u00e3o entre os mundos da investiga\u00e7\u00e3o e do ensino e estimulando nos alunos uma atitude positiva (mas realista) em rela\u00e7\u00e3o \u00e0 ci\u00eancia. Cada atividade orbitar\u00e1 em torno da Sa\u00fade, incentivando os alunos a refletir sobre a import\u00e2ncia de adotar h\u00e1bitos saud\u00e1veis.<\/p>\n\n\n\n<p>O LABS posiciona-se como uma estrutura inovadora que se prop\u00f5e atingir os seguintes objetivos:<br>a) promover a sa\u00fade numa perspetiva de preven\u00e7\u00e3o individual;<br>b) desenvolver compet\u00eancias de trabalho cient\u00edfico;<br>c) proporcionar uma vis\u00e3o realista sobre a ci\u00eancia;<br>d) promover o pensamento cr\u00edtico;<br>e) inspirar futuros investigadores.<\/p>\n\n\n\n<p><\/p>\n","protected":false},"excerpt":{"rendered":"<p>O LABS \u00e9 um projeto da C\u00e2mara Municipal da Maia, em parceria com o Instituto de Investiga\u00e7\u00e3o e Inova\u00e7\u00e3o em Sa\u00fade &#8211; i3S e a Bial.A miss\u00e3o fundamental do LABS \u00e9 estabelecer a ponte entre o laborat\u00f3rio de investiga\u00e7\u00e3o e a escola, originando um fluxo de conhecimento pr\u00e1tico e promotor da sa\u00fade que ter\u00e1 como [&hellip;]<\/p>\n","protected":false},"author":1,"featured_media":0,"parent":0,"menu_order":0,"comment_status":"closed","ping_status":"open","template":"","meta":{"footnotes":""},"class_list":["post-7","page","type-page","status-publish","hentry"],"_links":{"self":[{"href":"https:\/\/labsmaia.pt\/index.php\/wp-json\/wp\/v2\/pages\/7","targetHints":{"allow":["GET"]}}],"collection":[{"href":"https:\/\/labsmaia.pt\/index.php\/wp-json\/wp\/v2\/pages"}],"about":[{"href":"https:\/\/labsmaia.pt\/index.php\/wp-json\/wp\/v2\/types\/page"}],"author":[{"embeddable":true,"href":"https:\/\/labsmaia.pt\/index.php\/wp-json\/wp\/v2\/users\/1"}],"replies":[{"embeddable":true,"href":"https:\/\/labsmaia.pt\/index.php\/wp-json\/wp\/v2\/comments?post=7"}],"version-history":[{"count":0,"href":"https:\/\/labsmaia.pt\/index.php\/wp-json\/wp\/v2\/pages\/7\/revisions"}],"wp:attachment":[{"href":"https:\/\/labsmaia.pt\/index.php\/wp-json\/wp\/v2\/media?parent=7"}],"curies":[{"name":"wp","href":"https:\/\/api.w.org\/{rel}","templated":true}]}}